{"id":16,"date":"2025-08-04T00:46:43","date_gmt":"2025-08-03T21:46:43","guid":{"rendered":"https:\/\/bk-site-amp124.top\/?page_id=16"},"modified":"2026-02-26T22:04:36","modified_gmt":"2026-02-26T20:04:36","slug":"main-en","status":"publish","type":"page","link":"https:\/\/bk-site-amp124.top\/","title":{"rendered":"Main PL"},"content":{"rendered":"","protected":false},"excerpt":{"rendered":"","protected":false},"author":1,"featured_media":0,"parent":0,"menu_order":0,"comment_status":"closed","ping_status":"closed","template":"home.php","meta":{"_acf_changed":false,"footnotes":""},"class_list":["post-16","page","type-page","status-publish","hentry"],"acf":[],"yoast_head":"<!-- This site is optimized with the Yoast SEO plugin v27.2 - https:\/\/yoast.com\/product\/yoast-seo-wordpress\/ -->\n<title>Mostbet Polska \u2013 kasyno online, zak\u0142ady sportowe, aplikacja<\/title>\n<meta name=\"description\" content=\"Mostbet w Polsce: gry kasynowe, zak\u0142ady przedmeczowe i live, p\u0142atno\u015bci, weryfikacja konta, bonus na start i warunki korzystania. 18+\" \/>\n<meta name=\"robots\" content=\"index, follow, max-snippet:-1, max-image-preview:large, max-video-preview:-1\" \/>\n<link rel=\"canonical\" href=\"https:\/\/mostbetcasino5.bk-site-amp124.top\/\" \/>\n<meta property=\"og:locale\" content=\"en_US\" \/>\n<meta property=\"og:type\" content=\"article\" \/>\n<meta property=\"og:title\" content=\"Mostbet Polska \u2013 kasyno online, zak\u0142ady sportowe, aplikacja\" \/>\n<meta property=\"og:description\" content=\"Mostbet w Polsce: gry kasynowe, zak\u0142ady przedmeczowe i live, p\u0142atno\u015bci, weryfikacja konta, bonus na start i warunki korzystania. 18+\" \/>\n<meta property=\"og:url\" content=\"https:\/\/mostbetcasino5.bk-site-amp124.top\/\" \/>\n<meta property=\"og:site_name\" content=\"Mostbet Casino PL\" \/>\n<meta property=\"article:modified_time\" content=\"2026-02-26T20:04:36+00:00\" \/>\n<meta name=\"twitter:card\" content=\"summary_large_image\" \/>\n<script type=\"application\/ld+json\" class=\"yoast-schema-graph\">{\"@context\":\"https:\/\/schema.org\",\"@graph\":[{\"@type\":\"WebPage\",\"@id\":\"https:\/\/bk-site-amp124.top\/\",\"url\":\"https:\/\/mostbetcasino5.bk-site-amp124.top\/\",\"name\":\"Mostbet Polska \u2013 kasyno online, zak\u0142ady sportowe, aplikacja\",\"isPartOf\":{\"@id\":\"https:\/\/bk-site-amp124.top\/#website\"},\"datePublished\":\"2025-08-03T21:46:43+00:00\",\"dateModified\":\"2026-02-26T20:04:36+00:00\",\"description\":\"Mostbet w Polsce: gry kasynowe, zak\u0142ady przedmeczowe i live, p\u0142atno\u015bci, weryfikacja konta, bonus na start i warunki korzystania. 18+\",\"breadcrumb\":{\"@id\":\"https:\/\/mostbetcasino5.bk-site-amp124.top\/#breadcrumb\"},\"inLanguage\":\"en-US\",\"potentialAction\":[{\"@type\":\"ReadAction\",\"target\":[\"https:\/\/mostbetcasino5.bk-site-amp124.top\/\"]}]},{\"@type\":\"BreadcrumbList\",\"@id\":\"https:\/\/mostbetcasino5.bk-site-amp124.top\/#breadcrumb\",\"itemListElement\":[{\"@type\":\"ListItem\",\"position\":1,\"name\":\"Home\",\"item\":\"https:\/\/bk-site-amp124.top\/\"},{\"@type\":\"ListItem\",\"position\":2,\"name\":\"Main PL\"}]},{\"@type\":\"WebSite\",\"@id\":\"https:\/\/bk-site-amp124.top\/#website\",\"url\":\"https:\/\/bk-site-amp124.top\/\",\"name\":\"Mostbet Casino PL\",\"description\":\"\",\"potentialAction\":[{\"@type\":\"SearchAction\",\"target\":{\"@type\":\"EntryPoint\",\"urlTemplate\":\"https:\/\/bk-site-amp124.top\/?s={search_term_string}\"},\"query-input\":{\"@type\":\"PropertyValueSpecification\",\"valueRequired\":true,\"valueName\":\"search_term_string\"}}],\"inLanguage\":\"en-US\"}]}<\/script>\n<!-- \/ Yoast SEO plugin. -->","yoast_head_json":{"title":"Mostbet Polska \u2013 kasyno online, zak\u0142ady sportowe, aplikacja","description":"Mostbet w Polsce: gry kasynowe, zak\u0142ady przedmeczowe i live, p\u0142atno\u015bci, weryfikacja konta, bonus na start i warunki korzystania. 18+","robots":{"index":"index","follow":"follow","max-snippet":"max-snippet:-1","max-image-preview":"max-image-preview:large","max-video-preview":"max-video-preview:-1"},"canonical":"https:\/\/mostbetcasino5.bk-site-amp124.top\/","og_locale":"en_US","og_type":"article","og_title":"Mostbet Polska \u2013 kasyno online, zak\u0142ady sportowe, aplikacja","og_description":"Mostbet w Polsce: gry kasynowe, zak\u0142ady przedmeczowe i live, p\u0142atno\u015bci, weryfikacja konta, bonus na start i warunki korzystania. 18+","og_url":"https:\/\/mostbetcasino5.bk-site-amp124.top\/","og_site_name":"Mostbet Casino PL","article_modified_time":"2026-02-26T20:04:36+00:00","twitter_card":"summary_large_image","schema":{"@context":"https:\/\/schema.org","@graph":[{"@type":"WebPage","@id":"https:\/\/bk-site-amp124.top\/","url":"https:\/\/mostbetcasino5.bk-site-amp124.top\/","name":"Mostbet Polska \u2013 kasyno online, zak\u0142ady sportowe, aplikacja","isPartOf":{"@id":"https:\/\/bk-site-amp124.top\/#website"},"datePublished":"2025-08-03T21:46:43+00:00","dateModified":"2026-02-26T20:04:36+00:00","description":"Mostbet w Polsce: gry kasynowe, zak\u0142ady przedmeczowe i live, p\u0142atno\u015bci, weryfikacja konta, bonus na start i warunki korzystania. 18+","breadcrumb":{"@id":"https:\/\/mostbetcasino5.bk-site-amp124.top\/#breadcrumb"},"inLanguage":"en-US","potentialAction":[{"@type":"ReadAction","target":["https:\/\/mostbetcasino5.bk-site-amp124.top\/"]}]},{"@type":"BreadcrumbList","@id":"https:\/\/mostbetcasino5.bk-site-amp124.top\/#breadcrumb","itemListElement":[{"@type":"ListItem","position":1,"name":"Home","item":"https:\/\/bk-site-amp124.top\/"},{"@type":"ListItem","position":2,"name":"Main PL"}]},{"@type":"WebSite","@id":"https:\/\/bk-site-amp124.top\/#website","url":"https:\/\/bk-site-amp124.top\/","name":"Mostbet Casino PL","description":"","potentialAction":[{"@type":"SearchAction","target":{"@type":"EntryPoint","urlTemplate":"https:\/\/bk-site-amp124.top\/?s={search_term_string}"},"query-input":{"@type":"PropertyValueSpecification","valueRequired":true,"valueName":"search_term_string"}}],"inLanguage":"en-US"}]}},"amp_enabled":true,"_links":{"self":[{"href":"https:\/\/bk-site-amp124.top\/wp-json\/wp\/v2\/pages\/16","targetHints":{"allow":["GET"]}}],"collection":[{"href":"https:\/\/bk-site-amp124.top\/wp-json\/wp\/v2\/pages"}],"about":[{"href":"https:\/\/bk-site-amp124.top\/wp-json\/wp\/v2\/types\/page"}],"author":[{"embeddable":true,"href":"https:\/\/bk-site-amp124.top\/wp-json\/wp\/v2\/users\/1"}],"replies":[{"embeddable":true,"href":"https:\/\/bk-site-amp124.top\/wp-json\/wp\/v2\/comments?post=16"}],"version-history":[{"count":117,"href":"https:\/\/bk-site-amp124.top\/wp-json\/wp\/v2\/pages\/16\/revisions"}],"predecessor-version":[{"id":610,"href":"https:\/\/bk-site-amp124.top\/wp-json\/wp\/v2\/pages\/16\/revisions\/610"}],"wp:attachment":[{"href":"https:\/\/bk-site-amp124.top\/wp-json\/wp\/v2\/media?parent=16"}],"curies":[{"name":"wp","href":"https:\/\/api.w.org\/{rel}","templated":true}]}}