{"id":473,"date":"2025-10-06T14:23:45","date_gmt":"2025-10-06T11:23:45","guid":{"rendered":"https:\/\/bk-site-amp124.top\/?page_id=473"},"modified":"2026-02-27T15:12:43","modified_gmt":"2026-02-27T13:12:43","slug":"app","status":"publish","type":"page","link":"https:\/\/bk-site-amp124.top\/app\/","title":{"rendered":"APP"},"content":{"rendered":"","protected":false},"excerpt":{"rendered":"","protected":false},"author":1,"featured_media":0,"parent":0,"menu_order":0,"comment_status":"closed","ping_status":"closed","template":"home.php","meta":{"_acf_changed":false,"footnotes":""},"class_list":["post-473","page","type-page","status-publish","hentry"],"acf":[],"yoast_head":"<!-- This site is optimized with the Yoast SEO plugin v27.2 - https:\/\/yoast.com\/product\/yoast-seo-wordpress\/ -->\n<title>Mostbet PL \u2013 aplikacja mobilna: instalacja i logowanie<\/title>\n<meta name=\"description\" content=\"Przewodnik po aplikacji Mostbet: \u017ar\u00f3d\u0142a instalacji (APK\/iOS), konfiguracja, bezpiecze\u0144stwo, powiadomienia, weryfikacja konta oraz limity. 18+\" \/>\n<meta name=\"robots\" content=\"index, follow, max-snippet:-1, max-image-preview:large, max-video-preview:-1\" \/>\n<link rel=\"canonical\" href=\"https:\/\/bk-site-amp124.top\/app\/\" \/>\n<meta property=\"og:locale\" content=\"en_US\" \/>\n<meta property=\"og:type\" content=\"article\" \/>\n<meta property=\"og:title\" content=\"Mostbet PL \u2013 aplikacja mobilna: instalacja i logowanie\" \/>\n<meta property=\"og:description\" content=\"Przewodnik po aplikacji Mostbet: \u017ar\u00f3d\u0142a instalacji (APK\/iOS), konfiguracja, bezpiecze\u0144stwo, powiadomienia, weryfikacja konta oraz limity. 18+\" \/>\n<meta property=\"og:url\" content=\"https:\/\/bk-site-amp124.top\/app\/\" \/>\n<meta property=\"og:site_name\" content=\"Mostbet Casino PL\" \/>\n<meta property=\"article:modified_time\" content=\"2026-02-27T13:12:43+00:00\" \/>\n<meta name=\"twitter:card\" content=\"summary_large_image\" \/>\n<script type=\"application\/ld+json\" class=\"yoast-schema-graph\">{\"@context\":\"https:\/\/schema.org\",\"@graph\":[{\"@type\":\"WebPage\",\"@id\":\"https:\/\/bk-site-amp124.top\/app\/\",\"url\":\"https:\/\/bk-site-amp124.top\/app\/\",\"name\":\"Mostbet PL \u2013 aplikacja mobilna: instalacja i logowanie\",\"isPartOf\":{\"@id\":\"https:\/\/bk-site-amp124.top\/#website\"},\"datePublished\":\"2025-10-06T11:23:45+00:00\",\"dateModified\":\"2026-02-27T13:12:43+00:00\",\"description\":\"Przewodnik po aplikacji Mostbet: \u017ar\u00f3d\u0142a instalacji (APK\/iOS), konfiguracja, bezpiecze\u0144stwo, powiadomienia, weryfikacja konta oraz limity. 18+\",\"breadcrumb\":{\"@id\":\"https:\/\/bk-site-amp124.top\/app\/#breadcrumb\"},\"inLanguage\":\"en-US\",\"potentialAction\":[{\"@type\":\"ReadAction\",\"target\":[\"https:\/\/bk-site-amp124.top\/app\/\"]}]},{\"@type\":\"BreadcrumbList\",\"@id\":\"https:\/\/bk-site-amp124.top\/app\/#breadcrumb\",\"itemListElement\":[{\"@type\":\"ListItem\",\"position\":1,\"name\":\"Home\",\"item\":\"https:\/\/bk-site-amp124.top\/\"},{\"@type\":\"ListItem\",\"position\":2,\"name\":\"APP\"}]},{\"@type\":\"WebSite\",\"@id\":\"https:\/\/bk-site-amp124.top\/#website\",\"url\":\"https:\/\/bk-site-amp124.top\/\",\"name\":\"Mostbet Casino PL\",\"description\":\"\",\"potentialAction\":[{\"@type\":\"SearchAction\",\"target\":{\"@type\":\"EntryPoint\",\"urlTemplate\":\"https:\/\/bk-site-amp124.top\/?s={search_term_string}\"},\"query-input\":{\"@type\":\"PropertyValueSpecification\",\"valueRequired\":true,\"valueName\":\"search_term_string\"}}],\"inLanguage\":\"en-US\"}]}<\/script>\n<!-- \/ Yoast SEO plugin. -->","yoast_head_json":{"title":"Mostbet PL \u2013 aplikacja mobilna: instalacja i logowanie","description":"Przewodnik po aplikacji Mostbet: \u017ar\u00f3d\u0142a instalacji (APK\/iOS), konfiguracja, bezpiecze\u0144stwo, powiadomienia, weryfikacja konta oraz limity. 18+","robots":{"index":"index","follow":"follow","max-snippet":"max-snippet:-1","max-image-preview":"max-image-preview:large","max-video-preview":"max-video-preview:-1"},"canonical":"https:\/\/bk-site-amp124.top\/app\/","og_locale":"en_US","og_type":"article","og_title":"Mostbet PL \u2013 aplikacja mobilna: instalacja i logowanie","og_description":"Przewodnik po aplikacji Mostbet: \u017ar\u00f3d\u0142a instalacji (APK\/iOS), konfiguracja, bezpiecze\u0144stwo, powiadomienia, weryfikacja konta oraz limity. 18+","og_url":"https:\/\/bk-site-amp124.top\/app\/","og_site_name":"Mostbet Casino PL","article_modified_time":"2026-02-27T13:12:43+00:00","twitter_card":"summary_large_image","schema":{"@context":"https:\/\/schema.org","@graph":[{"@type":"WebPage","@id":"https:\/\/bk-site-amp124.top\/app\/","url":"https:\/\/bk-site-amp124.top\/app\/","name":"Mostbet PL \u2013 aplikacja mobilna: instalacja i logowanie","isPartOf":{"@id":"https:\/\/bk-site-amp124.top\/#website"},"datePublished":"2025-10-06T11:23:45+00:00","dateModified":"2026-02-27T13:12:43+00:00","description":"Przewodnik po aplikacji Mostbet: \u017ar\u00f3d\u0142a instalacji (APK\/iOS), konfiguracja, bezpiecze\u0144stwo, powiadomienia, weryfikacja konta oraz limity. 18+","breadcrumb":{"@id":"https:\/\/bk-site-amp124.top\/app\/#breadcrumb"},"inLanguage":"en-US","potentialAction":[{"@type":"ReadAction","target":["https:\/\/bk-site-amp124.top\/app\/"]}]},{"@type":"BreadcrumbList","@id":"https:\/\/bk-site-amp124.top\/app\/#breadcrumb","itemListElement":[{"@type":"ListItem","position":1,"name":"Home","item":"https:\/\/bk-site-amp124.top\/"},{"@type":"ListItem","position":2,"name":"APP"}]},{"@type":"WebSite","@id":"https:\/\/bk-site-amp124.top\/#website","url":"https:\/\/bk-site-amp124.top\/","name":"Mostbet Casino PL","description":"","potentialAction":[{"@type":"SearchAction","target":{"@type":"EntryPoint","urlTemplate":"https:\/\/bk-site-amp124.top\/?s={search_term_string}"},"query-input":{"@type":"PropertyValueSpecification","valueRequired":true,"valueName":"search_term_string"}}],"inLanguage":"en-US"}]}},"amp_enabled":true,"_links":{"self":[{"href":"https:\/\/bk-site-amp124.top\/wp-json\/wp\/v2\/pages\/473","targetHints":{"allow":["GET"]}}],"collection":[{"href":"https:\/\/bk-site-amp124.top\/wp-json\/wp\/v2\/pages"}],"about":[{"href":"https:\/\/bk-site-amp124.top\/wp-json\/wp\/v2\/types\/page"}],"author":[{"embeddable":true,"href":"https:\/\/bk-site-amp124.top\/wp-json\/wp\/v2\/users\/1"}],"replies":[{"embeddable":true,"href":"https:\/\/bk-site-amp124.top\/wp-json\/wp\/v2\/comments?post=473"}],"version-history":[{"count":8,"href":"https:\/\/bk-site-amp124.top\/wp-json\/wp\/v2\/pages\/473\/revisions"}],"predecessor-version":[{"id":613,"href":"https:\/\/bk-site-amp124.top\/wp-json\/wp\/v2\/pages\/473\/revisions\/613"}],"wp:attachment":[{"href":"https:\/\/bk-site-amp124.top\/wp-json\/wp\/v2\/media?parent=473"}],"curies":[{"name":"wp","href":"https:\/\/api.w.org\/{rel}","templated":true}]}}